{"id":47,"date":"2022-09-16T12:21:59","date_gmt":"2022-09-16T10:21:59","guid":{"rendered":"http:\/\/geodezjazubala.pl\/?page_id=47"},"modified":"2022-10-03T16:00:31","modified_gmt":"2022-10-03T14:00:31","slug":"aktualnosci","status":"publish","type":"page","link":"https:\/\/geodezjazubala.pl\/?page_id=47","title":{"rendered":"O firmie"},"content":{"rendered":"\n<p>Firma US\u0141UGI GEODEZYJNE Piotr Zubala powsta\u0142a w czerwcu 2020 roku. Jeste\u015bmy profesjonaln\u0105 i nowoczesn\u0105 firm\u0105 wykorzystuj\u0105c\u0105 innowacyjne technologie pomiarowe charakteryzuj\u0105ce si\u0119 wysok\u0105 dok\u0142adno\u015bci\u0105. \u015awiadczymy us\u0142ugi dla dla klient\u00f3w indywidualnych, firm architektonicznych, budowlanych oraz jednostek samorz\u0105dowych.<\/p>\n\n\n\n<p>Nasz zesp\u00f3\u0142 sk\u0142ada si\u0119 z do\u015bwiadczonych geodet\u00f3w, posiadamy odpowiednie uprawnienia wydane przez G\u0142\u00f3wnego Geodet\u0119 Kraju, pozwalaj\u0105ce nam wykonywa\u0107 dla Pa\u0144stwa szeroki wachlarz us\u0142ug, pocz\u0105wszy od pomiar\u00f3w sytuacyjno &#8211; wysoko\u015bciowych, sko\u0144czywszy na geodezji prawnej.<\/p>\n\n\n\n<p>Nasze us\u0142ugi s\u0105 wykonywane na czas, spos\u00f3b realizacji zlecenia dopasowujemy do indywidualnych potrzeb klient\u00f3w, kt\u00f3rzy s\u0105 informowani na bie\u017c\u0105co o post\u0119pie prac. Geodezja to nasza pasja, dlatego ka\u017cde zlecenie jest dla nas nowym wyzwaniem, motywuj\u0105cym nas do dalszego rozwoju.<\/p>\n\n\n\n<figure class=\"wp-block-gallery has-nested-images columns-default is-cropped wp-block-gallery-1 is-layout-flex wp-block-gallery-is-layout-flex\">\n<figure class=\"wp-block-image size-large\"><img loading=\"lazy\" decoding=\"async\" width=\"1024\" height=\"768\" data-id=\"133\" src=\"http:\/\/geodezjazubala.pl\/wp-content\/uploads\/2022\/09\/20151127_115947-1-1024x768.jpg\" alt=\"\" class=\"wp-image-133\" srcset=\"https:\/\/geodezjazubala.pl\/wp-content\/uploads\/2022\/09\/20151127_115947-1-1024x768.jpg 1024w, https:\/\/geodezjazubala.pl\/wp-content\/uploads\/2022\/09\/20151127_115947-1-300x225.jpg 300w, https:\/\/geodezjazubala.pl\/wp-content\/uploads\/2022\/09\/20151127_115947-1-768x576.jpg 768w, https:\/\/geodezjazubala.pl\/wp-content\/uploads\/2022\/09\/20151127_115947-1-1536x1152.jpg 1536w, https:\/\/geodezjazubala.pl\/wp-content\/uploads\/2022\/09\/20151127_115947-1-2048x1536.jpg 2048w\" sizes=\"auto, (max-width: 1024px) 100vw, 1024px\" \/><\/figure>\n\n\n\n<figure class=\"wp-block-image size-large\"><img loading=\"lazy\" decoding=\"async\" width=\"1024\" height=\"768\" data-id=\"15\" src=\"http:\/\/geodezjazubala.pl\/wp-content\/uploads\/2022\/09\/20160601_091338-1024x768.jpg\" alt=\"\" class=\"wp-image-15\" srcset=\"https:\/\/geodezjazubala.pl\/wp-content\/uploads\/2022\/09\/20160601_091338-1024x768.jpg 1024w, https:\/\/geodezjazubala.pl\/wp-content\/uploads\/2022\/09\/20160601_091338-300x225.jpg 300w, https:\/\/geodezjazubala.pl\/wp-content\/uploads\/2022\/09\/20160601_091338-768x576.jpg 768w, https:\/\/geodezjazubala.pl\/wp-content\/uploads\/2022\/09\/20160601_091338-1536x1152.jpg 1536w, https:\/\/geodezjazubala.pl\/wp-content\/uploads\/2022\/09\/20160601_091338-2048x1536.jpg 2048w\" sizes=\"auto, (max-width: 1024px) 100vw, 1024px\" \/><\/figure>\n\n\n\n<figure class=\"wp-block-image size-large\"><img loading=\"lazy\" decoding=\"async\" width=\"1024\" height=\"768\" data-id=\"11\" src=\"http:\/\/geodezjazubala.pl\/wp-content\/uploads\/2022\/09\/20150213_101527-1024x768.jpg\" alt=\"\" class=\"wp-image-11\" srcset=\"https:\/\/geodezjazubala.pl\/wp-content\/uploads\/2022\/09\/20150213_101527-1024x768.jpg 1024w, https:\/\/geodezjazubala.pl\/wp-content\/uploads\/2022\/09\/20150213_101527-300x225.jpg 300w, https:\/\/geodezjazubala.pl\/wp-content\/uploads\/2022\/09\/20150213_101527-768x576.jpg 768w, https:\/\/geodezjazubala.pl\/wp-content\/uploads\/2022\/09\/20150213_101527-1536x1152.jpg 1536w, https:\/\/geodezjazubala.pl\/wp-content\/uploads\/2022\/09\/20150213_101527-2048x1536.jpg 2048w\" sizes=\"auto, (max-width: 1024px) 100vw, 1024px\" \/><\/figure>\n<\/figure>\n\n\n\n<p><\/p>\n","protected":false},"excerpt":{"rendered":"<p>Firma US\u0141UGI GEODEZYJNE Piotr Zubala powsta\u0142a w czerwcu 2020 roku. Jeste\u015bmy profesjonaln\u0105 i nowoczesn\u0105 firm\u0105 wykorzystuj\u0105c\u0105 innowacyjne technologie pomiarowe charakteryzuj\u0105ce si\u0119 wysok\u0105 dok\u0142adno\u015bci\u0105. \u015awiadczymy us\u0142ugi dla dla klient\u00f3w indywidualnych, firm architektonicznych, budowlanych oraz jednostek samorz\u0105dowych. Nasz zesp\u00f3\u0142 sk\u0142ada si\u0119 z do\u015bwiadczonych geodet\u00f3w, posiadamy odpowiednie uprawnienia wydane przez G\u0142\u00f3wnego Geodet\u0119 Kraju, pozwalaj\u0105ce nam wykonywa\u0107 dla Pa\u0144stwa&hellip;&nbsp;<a href=\"https:\/\/geodezjazubala.pl\/?page_id=47\" class=\"\" rel=\"bookmark\">Read More &raquo;<span class=\"screen-reader-text\">O firmie<\/span><\/a><\/p>\n","protected":false},"author":1,"featured_media":92,"parent":0,"menu_order":0,"comment_status":"closed","ping_status":"closed","template":"","meta":{"neve_meta_sidebar":"","neve_meta_container":"","neve_meta_enable_content_width":"","neve_meta_content_width":0,"neve_meta_title_alignment":"","neve_meta_author_avatar":"","neve_post_elements_order":"","neve_meta_disable_header":"","neve_meta_disable_footer":"","neve_meta_disable_title":"","footnotes":""},"class_list":["post-47","page","type-page","status-publish","has-post-thumbnail","hentry"],"_links":{"self":[{"href":"https:\/\/geodezjazubala.pl\/index.php?rest_route=\/wp\/v2\/pages\/47","targetHints":{"allow":["GET"]}}],"collection":[{"href":"https:\/\/geodezjazubala.pl\/index.php?rest_route=\/wp\/v2\/pages"}],"about":[{"href":"https:\/\/geodezjazubala.pl\/index.php?rest_route=\/wp\/v2\/types\/page"}],"author":[{"embeddable":true,"href":"https:\/\/geodezjazubala.pl\/index.php?rest_route=\/wp\/v2\/users\/1"}],"replies":[{"embeddable":true,"href":"https:\/\/geodezjazubala.pl\/index.php?rest_route=%2Fwp%2Fv2%2Fcomments&post=47"}],"version-history":[{"count":11,"href":"https:\/\/geodezjazubala.pl\/index.php?rest_route=\/wp\/v2\/pages\/47\/revisions"}],"predecessor-version":[{"id":150,"href":"https:\/\/geodezjazubala.pl\/index.php?rest_route=\/wp\/v2\/pages\/47\/revisions\/150"}],"wp:featuredmedia":[{"embeddable":true,"href":"https:\/\/geodezjazubala.pl\/index.php?rest_route=\/wp\/v2\/media\/92"}],"wp:attachment":[{"href":"https:\/\/geodezjazubala.pl\/index.php?rest_route=%2Fwp%2Fv2%2Fmedia&parent=47"}],"curies":[{"name":"wp","href":"https:\/\/api.w.org\/{rel}","templated":true}]}}