{"id":48,"date":"2022-09-16T12:21:59","date_gmt":"2022-09-16T10:21:59","guid":{"rendered":"http:\/\/geodezjazubala.pl\/?page_id=48"},"modified":"2022-10-03T10:21:18","modified_gmt":"2022-10-03T08:21:18","slug":"oferta","status":"publish","type":"page","link":"https:\/\/geodezjazubala.pl\/","title":{"rendered":"Oferta"},"content":{"rendered":"\n<div class=\"wp-block-columns is-layout-flex wp-container-core-columns-is-layout-9d6595d7 wp-block-columns-is-layout-flex\">\n<div class=\"wp-block-column is-layout-flow wp-block-column-is-layout-flow\">\n<p class=\"has-text-align-center\"><strong>GEODEZJA PRAWNA<\/strong><br><\/p>\n\n\n<div class=\"wp-block-image\">\n<figure class=\"aligncenter size-full\"><img loading=\"lazy\" decoding=\"async\" width=\"629\" height=\"452\" src=\"http:\/\/geodezjazubala.pl\/wp-content\/uploads\/2022\/10\/Mapa-podzial2-1.png\" alt=\"\" class=\"wp-image-145\" srcset=\"https:\/\/geodezjazubala.pl\/wp-content\/uploads\/2022\/10\/Mapa-podzial2-1.png 629w, https:\/\/geodezjazubala.pl\/wp-content\/uploads\/2022\/10\/Mapa-podzial2-1-300x216.png 300w\" sizes=\"auto, (max-width: 629px) 100vw, 629px\" \/><\/figure>\n<\/div>\n\n\n<ul class=\"wp-block-list\"><li>podzia\u0142y nieruchomo\u015bci<\/li><li>wyznaczenie punkt\u00f3w granicznych \/ wznowienie znak\u00f3w granicznych<\/li><li>ustalenie przebiegu granic dzia\u0142ek ewidencyjnych<\/li><li>rozgraniczenia nieruchomo\u015bci<\/li><li>wykonywanie dokumentacji do cel\u00f3w prawnych<\/li><\/ul>\n<\/div>\n\n\n\n<div class=\"wp-block-column is-layout-flow wp-block-column-is-layout-flow\" style=\"flex-basis:150px\"><\/div>\n\n\n\n<div class=\"wp-block-column is-layout-flow wp-block-column-is-layout-flow\">\n<p class=\"has-text-align-center\"><strong>GEODEZJA W PROCESIE <\/strong><br><strong>INWESTYCYJNO-BUDOWLANYM<\/strong><\/p>\n\n\n<div class=\"wp-block-image\">\n<figure class=\"aligncenter size-full is-resized\"><img loading=\"lazy\" decoding=\"async\" src=\"http:\/\/geodezjazubala.pl\/wp-content\/uploads\/2022\/10\/Mapa-zagospodarowania2.png\" alt=\"\" class=\"wp-image-142\" width=\"350\" height=\"270\"\/><\/figure>\n<\/div>\n\n\n<ul class=\"wp-block-list\"><li>mapy do cel\u00f3w projektowych<\/li><li>pomiary realizacyjne &#8211; tyczenie obiekt\u00f3w budowlanych, sieci uzbrojenia terenu itp.<\/li><li>geodezyjna inwentaryzacja obiekt\u00f3w budowlanych<\/li><li>inne pomiary sytuacyjno &#8211; wysoko\u015bciowe oraz ich opracowanie<\/li><\/ul>\n<\/div>\n<\/div>\n\n\n\n<div class=\"wp-block-columns is-layout-flex wp-container-core-columns-is-layout-9d6595d7 wp-block-columns-is-layout-flex\">\n<div class=\"wp-block-column is-vertically-aligned-top is-layout-flow wp-block-column-is-layout-flow\"><\/div>\n\n\n\n<div class=\"wp-block-column is-layout-flow wp-block-column-is-layout-flow\" style=\"flex-basis:200px\"><\/div>\n\n\n\n<div class=\"wp-block-column is-layout-flow wp-block-column-is-layout-flow\"><\/div>\n<\/div>\n","protected":false},"excerpt":{"rendered":"<p>GEODEZJA PRAWNA podzia\u0142y nieruchomo\u015bci wyznaczenie punkt\u00f3w granicznych \/ wznowienie znak\u00f3w granicznych ustalenie przebiegu granic dzia\u0142ek ewidencyjnych rozgraniczenia nieruchomo\u015bci wykonywanie dokumentacji do cel\u00f3w prawnych GEODEZJA W PROCESIE INWESTYCYJNO-BUDOWLANYM mapy do cel\u00f3w projektowych pomiary realizacyjne &#8211; tyczenie obiekt\u00f3w budowlanych, sieci uzbrojenia terenu itp. geodezyjna inwentaryzacja obiekt\u00f3w budowlanych inne pomiary sytuacyjno &#8211; wysoko\u015bciowe oraz ich opracowanie<\/p>\n","protected":false},"author":1,"featured_media":45,"parent":0,"menu_order":0,"comment_status":"closed","ping_status":"closed","template":"","meta":{"neve_meta_sidebar":"","neve_meta_container":"","neve_meta_enable_content_width":"","neve_meta_content_width":0,"neve_meta_title_alignment":"","neve_meta_author_avatar":"","neve_post_elements_order":"","neve_meta_disable_header":"","neve_meta_disable_footer":"","neve_meta_disable_title":"","footnotes":""},"class_list":["post-48","page","type-page","status-publish","has-post-thumbnail","hentry"],"_links":{"self":[{"href":"https:\/\/geodezjazubala.pl\/index.php?rest_route=\/wp\/v2\/pages\/48","targetHints":{"allow":["GET"]}}],"collection":[{"href":"https:\/\/geodezjazubala.pl\/index.php?rest_route=\/wp\/v2\/pages"}],"about":[{"href":"https:\/\/geodezjazubala.pl\/index.php?rest_route=\/wp\/v2\/types\/page"}],"author":[{"embeddable":true,"href":"https:\/\/geodezjazubala.pl\/index.php?rest_route=\/wp\/v2\/users\/1"}],"replies":[{"embeddable":true,"href":"https:\/\/geodezjazubala.pl\/index.php?rest_route=%2Fwp%2Fv2%2Fcomments&post=48"}],"version-history":[{"count":16,"href":"https:\/\/geodezjazubala.pl\/index.php?rest_route=\/wp\/v2\/pages\/48\/revisions"}],"predecessor-version":[{"id":146,"href":"https:\/\/geodezjazubala.pl\/index.php?rest_route=\/wp\/v2\/pages\/48\/revisions\/146"}],"wp:featuredmedia":[{"embeddable":true,"href":"https:\/\/geodezjazubala.pl\/index.php?rest_route=\/wp\/v2\/media\/45"}],"wp:attachment":[{"href":"https:\/\/geodezjazubala.pl\/index.php?rest_route=%2Fwp%2Fv2%2Fmedia&parent=48"}],"curies":[{"name":"wp","href":"https:\/\/api.w.org\/{rel}","templated":true}]}}