{"id":89,"date":"2022-09-16T20:41:59","date_gmt":"2022-09-16T18:41:59","guid":{"rendered":"http:\/\/geodezjazubala.pl\/?page_id=89"},"modified":"2022-09-16T21:31:07","modified_gmt":"2022-09-16T19:31:07","slug":"kontakt","status":"publish","type":"page","link":"https:\/\/geodezjazubala.pl\/?page_id=89","title":{"rendered":"Kontakt"},"content":{"rendered":"\n<p><\/p>\n\n\n\n<div class=\"wp-block-columns is-layout-flex wp-container-core-columns-is-layout-9d6595d7 wp-block-columns-is-layout-flex\">\n<div class=\"wp-block-column is-layout-flow wp-block-column-is-layout-flow\">\n<p><strong>Wy\u015blij zapytanie o ofert\u0119:<\/strong><\/p>\n\n\n\n<div class=\"wp-block-contact-form-7-contact-form-selector\"><div role=\"form\" class=\"wpcf7\" id=\"wpcf7-f7-o1\" lang=\"pl-PL\" dir=\"ltr\">\n<div class=\"screen-reader-response\"><p role=\"status\" aria-live=\"polite\" aria-atomic=\"true\"><\/p> <ul><\/ul><\/div>\n<form action=\"\/index.php?rest_route=%2Fwp%2Fv2%2Fpages%2F89#wpcf7-f7-o1\" method=\"post\" class=\"wpcf7-form init\" novalidate=\"novalidate\" data-status=\"init\">\n<div style=\"display: none;\">\n<input type=\"hidden\" name=\"_wpcf7\" value=\"7\" \/>\n<input type=\"hidden\" name=\"_wpcf7_version\" value=\"5.6.3\" \/>\n<input type=\"hidden\" name=\"_wpcf7_locale\" value=\"pl_PL\" \/>\n<input type=\"hidden\" name=\"_wpcf7_unit_tag\" value=\"wpcf7-f7-o1\" \/>\n<input type=\"hidden\" name=\"_wpcf7_container_post\" value=\"0\" \/>\n<input type=\"hidden\" name=\"_wpcf7_posted_data_hash\" value=\"\" \/>\n<\/div>\n<p><label> Twoje imi\u0119 i nazwisko<br \/>\n    <span class=\"wpcf7-form-control-wrap\" data-name=\"your-name\"><input type=\"text\" name=\"your-name\" value=\"\" size=\"40\" class=\"wpcf7-form-control wpcf7-text wpcf7-validates-as-required\" aria-required=\"true\" aria-invalid=\"false\" \/><\/span> <\/label><\/p>\n<p><label> Tw\u00f3j adres e-mail<br \/>\n    <span class=\"wpcf7-form-control-wrap\" data-name=\"your-email\"><input type=\"email\" name=\"your-email\" value=\"\" size=\"40\" class=\"wpcf7-form-control wpcf7-text wpcf7-email wpcf7-validates-as-required wpcf7-validates-as-email\" aria-required=\"true\" aria-invalid=\"false\" \/><\/span> <\/label><\/p>\n<p><label> Temat<br \/>\n    <span class=\"wpcf7-form-control-wrap\" data-name=\"your-subject\"><input type=\"text\" name=\"your-subject\" value=\"\" size=\"40\" class=\"wpcf7-form-control wpcf7-text wpcf7-validates-as-required\" aria-required=\"true\" aria-invalid=\"false\" \/><\/span> <\/label><\/p>\n<p><label> Twoja wiadomo\u015bci (opcjonalne)<br \/>\n    <span class=\"wpcf7-form-control-wrap\" data-name=\"your-message\"><textarea name=\"your-message\" cols=\"40\" rows=\"10\" class=\"wpcf7-form-control wpcf7-textarea\" aria-invalid=\"false\"><\/textarea><\/span> <\/label><\/p>\n<p><input type=\"submit\" value=\"Wy\u015blij\" class=\"wpcf7-form-control has-spinner wpcf7-submit\" \/><\/p>\n<div class=\"wpcf7-response-output\" aria-hidden=\"true\"><\/div><\/form><\/div><\/div>\n<\/div>\n\n\n\n<div class=\"wp-block-column is-layout-flow wp-block-column-is-layout-flow\">\n<div class=\"wp-block-columns is-layout-flex wp-container-core-columns-is-layout-9d6595d7 wp-block-columns-is-layout-flex\">\n<div class=\"wp-block-column is-layout-flow wp-block-column-is-layout-flow\" style=\"flex-basis:100%\">\n<div class=\"wp-block-columns is-layout-flex wp-container-core-columns-is-layout-9d6595d7 wp-block-columns-is-layout-flex\">\n<div class=\"wp-block-column is-layout-flow wp-block-column-is-layout-flow\" style=\"flex-basis:100%\">\n<h2 class=\"wp-block-heading\">Us\u0142ugi geodezyjne in\u017c. Piotr Zubala<\/h2>\n\n\n\n<p class=\"has-medium-font-size\"><img loading=\"lazy\" decoding=\"async\" width=\"20\" height=\"20\" class=\"wp-image-104\" style=\"width: 20px;\" src=\"http:\/\/geodezjazubala.pl\/wp-content\/uploads\/2022\/09\/tel.jpg\" alt=\"\" srcset=\"https:\/\/geodezjazubala.pl\/wp-content\/uploads\/2022\/09\/tel.jpg 626w, https:\/\/geodezjazubala.pl\/wp-content\/uploads\/2022\/09\/tel-300x300.jpg 300w, https:\/\/geodezjazubala.pl\/wp-content\/uploads\/2022\/09\/tel-150x150.jpg 150w\" sizes=\"auto, (max-width: 20px) 100vw, 20px\" \/>   500 720 615<\/p>\n\n\n\n<p class=\"has-medium-font-size\"><img loading=\"lazy\" decoding=\"async\" width=\"20\" height=\"29\" class=\"wp-image-102\" style=\"width: 20px;\" src=\"http:\/\/geodezjazubala.pl\/wp-content\/uploads\/2022\/09\/adres.jpg\" alt=\"\" srcset=\"https:\/\/geodezjazubala.pl\/wp-content\/uploads\/2022\/09\/adres.jpg 425w, https:\/\/geodezjazubala.pl\/wp-content\/uploads\/2022\/09\/adres-204x300.jpg 204w\" sizes=\"auto, (max-width: 20px) 100vw, 20px\" \/>   P\u0142oskie 67, 22-400 Zamo\u015b\u0107<\/p>\n\n\n\n<p class=\"has-medium-font-size\"><img loading=\"lazy\" decoding=\"async\" width=\"20\" height=\"20\" class=\"wp-image-103\" style=\"width: 20px;\" src=\"http:\/\/geodezjazubala.pl\/wp-content\/uploads\/2022\/09\/mail.png\" alt=\"\" srcset=\"https:\/\/geodezjazubala.pl\/wp-content\/uploads\/2022\/09\/mail.png 512w, https:\/\/geodezjazubala.pl\/wp-content\/uploads\/2022\/09\/mail-300x300.png 300w, https:\/\/geodezjazubala.pl\/wp-content\/uploads\/2022\/09\/mail-150x150.png 150w\" sizes=\"auto, (max-width: 20px) 100vw, 20px\" \/>   biuro.piotrzubala@gmail.com<\/p>\n<\/div>\n<\/div>\n<\/div>\n<\/div>\n\n\n\n<iframe src=\"https:\/\/www.google.com\/maps\/embed?pb=!1m14!1m8!1m3!1d35756.1894757437!2d23.16959914013232!3d50.70857257090099!3m2!1i1024!2i768!4f13.1!3m3!1m2!1s0x0%3A0x75f29d5addcc85b0!2sUS%C5%81UGI%20GEODEZYJNE%20in%C5%BC.%20Piotr%20Zubala!5e0!3m2!1spl!2spl!4v1663354160329!5m2!1spl!2spl\" width=\"600\" height=\"450\" style=\"border:0;\" allowfullscreen=\"\" loading=\"lazy\" referrerpolicy=\"no-referrer-when-downgrade\"><\/iframe>\n<\/div>\n<\/div>\n\n\n\n<div class=\"wp-block-columns is-layout-flex wp-container-core-columns-is-layout-9d6595d7 wp-block-columns-is-layout-flex\">\n<div class=\"wp-block-column is-layout-flow wp-block-column-is-layout-flow\"><\/div>\n\n\n\n<div class=\"wp-block-column is-layout-flow wp-block-column-is-layout-flow\">\n<p><\/p>\n<\/div>\n<\/div>\n","protected":false},"excerpt":{"rendered":"<p>Wy\u015blij zapytanie o ofert\u0119: Us\u0142ugi geodezyjne in\u017c. Piotr Zubala 500 720 615 P\u0142oskie 67, 22-400 Zamo\u015b\u0107 biuro.piotrzubala@gmail.com<\/p>\n","protected":false},"author":1,"featured_media":97,"parent":0,"menu_order":0,"comment_status":"closed","ping_status":"closed","template":"","meta":{"neve_meta_sidebar":"","neve_meta_container":"","neve_meta_enable_content_width":"","neve_meta_content_width":0,"neve_meta_title_alignment":"","neve_meta_author_avatar":"","neve_post_elements_order":"","neve_meta_disable_header":"","neve_meta_disable_footer":"","neve_meta_disable_title":"","footnotes":""},"class_list":["post-89","page","type-page","status-publish","has-post-thumbnail","hentry"],"_links":{"self":[{"href":"https:\/\/geodezjazubala.pl\/index.php?rest_route=\/wp\/v2\/pages\/89","targetHints":{"allow":["GET"]}}],"collection":[{"href":"https:\/\/geodezjazubala.pl\/index.php?rest_route=\/wp\/v2\/pages"}],"about":[{"href":"https:\/\/geodezjazubala.pl\/index.php?rest_route=\/wp\/v2\/types\/page"}],"author":[{"embeddable":true,"href":"https:\/\/geodezjazubala.pl\/index.php?rest_route=\/wp\/v2\/users\/1"}],"replies":[{"embeddable":true,"href":"https:\/\/geodezjazubala.pl\/index.php?rest_route=%2Fwp%2Fv2%2Fcomments&post=89"}],"version-history":[{"count":5,"href":"https:\/\/geodezjazubala.pl\/index.php?rest_route=\/wp\/v2\/pages\/89\/revisions"}],"predecessor-version":[{"id":108,"href":"https:\/\/geodezjazubala.pl\/index.php?rest_route=\/wp\/v2\/pages\/89\/revisions\/108"}],"wp:featuredmedia":[{"embeddable":true,"href":"https:\/\/geodezjazubala.pl\/index.php?rest_route=\/wp\/v2\/media\/97"}],"wp:attachment":[{"href":"https:\/\/geodezjazubala.pl\/index.php?rest_route=%2Fwp%2Fv2%2Fmedia&parent=89"}],"curies":[{"name":"wp","href":"https:\/\/api.w.org\/{rel}","templated":true}]}}